{"id":24,"date":"2019-12-07T17:14:47","date_gmt":"2019-12-07T16:14:47","guid":{"rendered":"http:\/\/www.janlachman.cz\/?page_id=24"},"modified":"2019-12-10T23:28:14","modified_gmt":"2019-12-10T22:28:14","slug":"konzultace","status":"publish","type":"page","link":"https:\/\/www.janlachman.cz\/?page_id=24","title":{"rendered":"Konzultace"},"content":{"rendered":"\t\t<div data-elementor-type=\"wp-page\" data-elementor-id=\"24\" class=\"elementor elementor-24\">\n\t\t\t\t\t\t<section class=\"elementor-section elementor-top-section elementor-element elementor-element-0c37b0b elementor-section-boxed elementor-section-height-default elementor-section-height-default\" data-id=\"0c37b0b\" data-element_type=\"section\">\n\t\t\t\t\t\t<div class=\"elementor-container elementor-column-gap-default\">\n\t\t\t\t\t<div class=\"elementor-column elementor-col-100 elementor-top-column elementor-element elementor-element-d02513a\" data-id=\"d02513a\" data-element_type=\"column\">\n\t\t\t<div class=\"elementor-widget-wrap elementor-element-populated\">\n\t\t\t\t\t\t<div class=\"elementor-element elementor-element-70477c9 elementor-widget elementor-widget-text-editor\" data-id=\"70477c9\" data-element_type=\"widget\" data-widget_type=\"text-editor.default\">\n\t\t\t\t<div class=\"elementor-widget-container\">\n\t\t\t\t\t\t\t<blockquote><div>Je mi jedno, \u017ee mi ukradli m\u016fj n\u00e1pad\u2026 Vad\u00ed mi ale, \u017ee nemaj\u00ed \u017e\u00e1dn\u00e9 vlastn\u00ed n\u00e1pady.<\/div><\/blockquote><div style=\"text-align: center;\">Nikola Tesla<\/div>\t\t\t\t\t\t<\/div>\n\t\t\t\t<\/div>\n\t\t\t\t\t<\/div>\n\t\t<\/div>\n\t\t\t\t\t<\/div>\n\t\t<\/section>\n\t\t\t\t<section class=\"elementor-section elementor-top-section elementor-element elementor-element-ba203a9 elementor-section-boxed elementor-section-height-default elementor-section-height-default\" data-id=\"ba203a9\" data-element_type=\"section\">\n\t\t\t\t\t\t<div class=\"elementor-container elementor-column-gap-default\">\n\t\t\t\t\t<div class=\"elementor-column elementor-col-100 elementor-top-column elementor-element elementor-element-5bda176\" data-id=\"5bda176\" data-element_type=\"column\">\n\t\t\t<div class=\"elementor-widget-wrap elementor-element-populated\">\n\t\t\t\t\t\t<div class=\"elementor-element elementor-element-1837aec elementor-widget elementor-widget-spacer\" data-id=\"1837aec\" data-element_type=\"widget\" data-widget_type=\"spacer.default\">\n\t\t\t\t<div class=\"elementor-widget-container\">\n\t\t\t\t\t<div class=\"elementor-spacer\">\n\t\t\t<div class=\"elementor-spacer-inner\"><\/div>\n\t\t<\/div>\n\t\t\t\t<\/div>\n\t\t\t\t<\/div>\n\t\t\t\t\t<\/div>\n\t\t<\/div>\n\t\t\t\t\t<\/div>\n\t\t<\/section>\n\t\t\t\t<\/div>\n\t\t","protected":false},"excerpt":{"rendered":"<p>Je mi jedno, \u017ee mi ukradli m\u016fj n\u00e1pad\u2026 Vad\u00ed mi ale, \u017ee nemaj\u00ed \u017e\u00e1dn\u00e9 vlastn\u00ed n\u00e1pady. Nikola Tesla<\/p>\n","protected":false},"author":1,"featured_media":0,"parent":0,"menu_order":0,"comment_status":"closed","ping_status":"closed","template":"","meta":{"footnotes":""},"class_list":["post-24","page","type-page","status-publish","hentry"],"yoast_head":"<!-- This site is optimized with the Yoast SEO plugin v23.7 - https:\/\/yoast.com\/wordpress\/plugins\/seo\/ -->\n<title>Jan Lachman - Konzultace<\/title>\n<meta name=\"robots\" content=\"index, follow, max-snippet:-1, max-image-preview:large, max-video-preview:-1\" \/>\n<link rel=\"canonical\" href=\"https:\/\/www.janlachman.cz\/?page_id=24\" \/>\n<meta property=\"og:locale\" content=\"en_US\" \/>\n<meta property=\"og:type\" content=\"article\" \/>\n<meta property=\"og:title\" content=\"Jan Lachman - Konzultace\" \/>\n<meta property=\"og:description\" content=\"Je mi jedno, \u017ee mi ukradli m\u016fj n\u00e1pad\u2026 Vad\u00ed mi ale, \u017ee nemaj\u00ed \u017e\u00e1dn\u00e9 vlastn\u00ed n\u00e1pady. Nikola Tesla\" \/>\n<meta property=\"og:url\" content=\"https:\/\/www.janlachman.cz\/?page_id=24\" \/>\n<meta property=\"og:site_name\" content=\"Jan Lachman\" \/>\n<meta property=\"article:modified_time\" content=\"2019-12-10T22:28:14+00:00\" \/>\n<meta name=\"twitter:card\" content=\"summary_large_image\" \/>\n<script type=\"application\/ld+json\" class=\"yoast-schema-graph\">{\"@context\":\"https:\/\/schema.org\",\"@graph\":[{\"@type\":\"WebPage\",\"@id\":\"https:\/\/www.janlachman.cz\/?page_id=24\",\"url\":\"https:\/\/www.janlachman.cz\/?page_id=24\",\"name\":\"Jan Lachman - Konzultace\",\"isPartOf\":{\"@id\":\"https:\/\/www.janlachman.cz\/#website\"},\"datePublished\":\"2019-12-07T16:14:47+00:00\",\"dateModified\":\"2019-12-10T22:28:14+00:00\",\"breadcrumb\":{\"@id\":\"https:\/\/www.janlachman.cz\/?page_id=24#breadcrumb\"},\"inLanguage\":\"en-US\",\"potentialAction\":[{\"@type\":\"ReadAction\",\"target\":[\"https:\/\/www.janlachman.cz\/?page_id=24\"]}]},{\"@type\":\"BreadcrumbList\",\"@id\":\"https:\/\/www.janlachman.cz\/?page_id=24#breadcrumb\",\"itemListElement\":[{\"@type\":\"ListItem\",\"position\":1,\"name\":\"Dom\u016f\",\"item\":\"https:\/\/www.janlachman.cz\/\"},{\"@type\":\"ListItem\",\"position\":2,\"name\":\"Konzultace\"}]},{\"@type\":\"WebSite\",\"@id\":\"https:\/\/www.janlachman.cz\/#website\",\"url\":\"https:\/\/www.janlachman.cz\/\",\"name\":\"Jan Lachman\",\"description\":\"\",\"publisher\":{\"@id\":\"https:\/\/www.janlachman.cz\/#organization\"},\"potentialAction\":[{\"@type\":\"SearchAction\",\"target\":{\"@type\":\"EntryPoint\",\"urlTemplate\":\"https:\/\/www.janlachman.cz\/?s={search_term_string}\"},\"query-input\":{\"@type\":\"PropertyValueSpecification\",\"valueRequired\":true,\"valueName\":\"search_term_string\"}}],\"inLanguage\":\"en-US\"},{\"@type\":\"Organization\",\"@id\":\"https:\/\/www.janlachman.cz\/#organization\",\"name\":\"Jan Lachman\",\"url\":\"https:\/\/www.janlachman.cz\/\",\"logo\":{\"@type\":\"ImageObject\",\"inLanguage\":\"en-US\",\"@id\":\"https:\/\/www.janlachman.cz\/#\/schema\/logo\/image\/\",\"url\":\"https:\/\/www.janlachman.cz\/wp-content\/uploads\/2019\/12\/razitko_03.png\",\"contentUrl\":\"https:\/\/www.janlachman.cz\/wp-content\/uploads\/2019\/12\/razitko_03.png\",\"width\":666,\"height\":256,\"caption\":\"Jan Lachman\"},\"image\":{\"@id\":\"https:\/\/www.janlachman.cz\/#\/schema\/logo\/image\/\"}}]}<\/script>\n<!-- \/ Yoast SEO plugin. -->","yoast_head_json":{"title":"Jan Lachman - Konzultace","robots":{"index":"index","follow":"follow","max-snippet":"max-snippet:-1","max-image-preview":"max-image-preview:large","max-video-preview":"max-video-preview:-1"},"canonical":"https:\/\/www.janlachman.cz\/?page_id=24","og_locale":"en_US","og_type":"article","og_title":"Jan Lachman - Konzultace","og_description":"Je mi jedno, \u017ee mi ukradli m\u016fj n\u00e1pad\u2026 Vad\u00ed mi ale, \u017ee nemaj\u00ed \u017e\u00e1dn\u00e9 vlastn\u00ed n\u00e1pady. Nikola Tesla","og_url":"https:\/\/www.janlachman.cz\/?page_id=24","og_site_name":"Jan Lachman","article_modified_time":"2019-12-10T22:28:14+00:00","twitter_card":"summary_large_image","schema":{"@context":"https:\/\/schema.org","@graph":[{"@type":"WebPage","@id":"https:\/\/www.janlachman.cz\/?page_id=24","url":"https:\/\/www.janlachman.cz\/?page_id=24","name":"Jan Lachman - Konzultace","isPartOf":{"@id":"https:\/\/www.janlachman.cz\/#website"},"datePublished":"2019-12-07T16:14:47+00:00","dateModified":"2019-12-10T22:28:14+00:00","breadcrumb":{"@id":"https:\/\/www.janlachman.cz\/?page_id=24#breadcrumb"},"inLanguage":"en-US","potentialAction":[{"@type":"ReadAction","target":["https:\/\/www.janlachman.cz\/?page_id=24"]}]},{"@type":"BreadcrumbList","@id":"https:\/\/www.janlachman.cz\/?page_id=24#breadcrumb","itemListElement":[{"@type":"ListItem","position":1,"name":"Dom\u016f","item":"https:\/\/www.janlachman.cz\/"},{"@type":"ListItem","position":2,"name":"Konzultace"}]},{"@type":"WebSite","@id":"https:\/\/www.janlachman.cz\/#website","url":"https:\/\/www.janlachman.cz\/","name":"Jan Lachman","description":"","publisher":{"@id":"https:\/\/www.janlachman.cz\/#organization"},"potentialAction":[{"@type":"SearchAction","target":{"@type":"EntryPoint","urlTemplate":"https:\/\/www.janlachman.cz\/?s={search_term_string}"},"query-input":{"@type":"PropertyValueSpecification","valueRequired":true,"valueName":"search_term_string"}}],"inLanguage":"en-US"},{"@type":"Organization","@id":"https:\/\/www.janlachman.cz\/#organization","name":"Jan Lachman","url":"https:\/\/www.janlachman.cz\/","logo":{"@type":"ImageObject","inLanguage":"en-US","@id":"https:\/\/www.janlachman.cz\/#\/schema\/logo\/image\/","url":"https:\/\/www.janlachman.cz\/wp-content\/uploads\/2019\/12\/razitko_03.png","contentUrl":"https:\/\/www.janlachman.cz\/wp-content\/uploads\/2019\/12\/razitko_03.png","width":666,"height":256,"caption":"Jan Lachman"},"image":{"@id":"https:\/\/www.janlachman.cz\/#\/schema\/logo\/image\/"}}]}},"_links":{"self":[{"href":"https:\/\/www.janlachman.cz\/index.php?rest_route=\/wp\/v2\/pages\/24"}],"collection":[{"href":"https:\/\/www.janlachman.cz\/index.php?rest_route=\/wp\/v2\/pages"}],"about":[{"href":"https:\/\/www.janlachman.cz\/index.php?rest_route=\/wp\/v2\/types\/page"}],"author":[{"embeddable":true,"href":"https:\/\/www.janlachman.cz\/index.php?rest_route=\/wp\/v2\/users\/1"}],"replies":[{"embeddable":true,"href":"https:\/\/www.janlachman.cz\/index.php?rest_route=%2Fwp%2Fv2%2Fcomments&post=24"}],"version-history":[{"count":3,"href":"https:\/\/www.janlachman.cz\/index.php?rest_route=\/wp\/v2\/pages\/24\/revisions"}],"predecessor-version":[{"id":192,"href":"https:\/\/www.janlachman.cz\/index.php?rest_route=\/wp\/v2\/pages\/24\/revisions\/192"}],"wp:attachment":[{"href":"https:\/\/www.janlachman.cz\/index.php?rest_route=%2Fwp%2Fv2%2Fmedia&parent=24"}],"curies":[{"name":"wp","href":"https:\/\/api.w.org\/{rel}","templated":true}]}}